{"id":49267,"date":"2016-03-11T16:06:52","date_gmt":"2016-03-11T13:06:52","guid":{"rendered":"https:\/\/kolayshop.online\/shipping-and-payment\/"},"modified":"2025-06-27T12:44:09","modified_gmt":"2025-06-27T09:44:09","slug":"shipping-and-payment","status":"publish","type":"page","link":"https:\/\/kolayshop.online\/en\/shipping-and-payment\/","title":{"rendered":"Shipping and payment"},"content":{"rendered":"\t\t<div data-elementor-type=\"wp-page\" data-elementor-id=\"49267\" class=\"elementor elementor-49267 elementor-45525\">\n\t\t\t\t<div class=\"elementor-element elementor-element-966db53 e-flex e-con-boxed e-con e-parent\" data-id=\"966db53\" data-element_type=\"container\" data-e-type=\"container\">\n\t\t\t\t\t<div class=\"e-con-inner\">\n\t\t\t\t<div class=\"elementor-element elementor-element-802c4e0 elementor-widget elementor-widget-text-editor\" data-id=\"802c4e0\" data-element_type=\"widget\" data-e-type=\"widget\" data-widget_type=\"text-editor.default\">\n\t\t\t\t<div class=\"elementor-widget-container\">\n\t\t\t\t\t\t\t\t\t<h3>SHIPPING AND DELIVERY<\/h3><ul><li>Your orders are sent by Y\u00fcrti\u00e7i cargo company.<\/li><li>After the order is placed, your products enter the preparation phase. Products specially prepared for you are delivered to cargo in an average of 3-7 business days. <\/li><li>When we ship your order, an e-mail will be sent to the e-mail address you entered in the payment step that we have shipped your order.<\/li><li>The phone number you enter in the payment step for your orders is shared with the cargo company to inform you about the delivery. Information about delivery is sent to you as SMS. <\/li><li>When the cargo company performs the necessary procedures related to your order, a tracking code is sent to your e-mail address where you can track your cargo. Thus, you can track the status of your cargo. <\/li><li>After the order is shipped, the estimated delivery time varies according to your location and the processing time of the cargo company.<\/li><\/ul><h3>PAYMENT<\/h3><ul><li><strong>Debit\/Credit Card<\/strong><\/li><\/ul><p>You can make your payments virtually by debit or credit card if you wish. We use <a title=\"iyzico\" href=\"https:\/\/www.iyzico.com\/\" target=\"_blank\" rel=\"noopener noreferrer\">iyzico<\/a> infrastructure as a virtual payment method. Your payment information is not stored on our site in any way and is processed through secure bank infrastructures.  <\/p><ul><li><strong>Wire Transfer\/EFT<\/strong><\/li><\/ul><p>You can also pay for your orders by bank transfer\/EFT. To do this, you must select Wire Transfer \/ EFT as the payment method in the payment step and complete the order. You should make your payment to the bank account we share below:  <\/p><p>Buyer name: TOP KOZMET\u0130K \u0130\u00c7 VE DI\u015e T\u0130CARET L\u0130M\u0130TED \u015e\u0130RKET\u0130<br>Iban information: TL: TR700020500009969206300001 &#8211; USD: TR860020500009969206300101 &#8211; EUR: TR590020500009969206300102<\/p><p>Bank Name: KUVEYT T\u00dcRK<br>Account Number: 99692063<\/p><p>Bank address \u0130smetpa\u015fa Mah. Eski Edirne Asfalt\u0131 No:637\/A Sultan\u00e7iftli\u011fi SULTANGAZ\u0130 \/ Istanbul <\/p><p>SWIFT CODE: KTEFTRIS<\/p><p><strong>Please write your Order Number in the description section when submitting your payment.<\/strong><\/p>\t\t\t\t\t\t\t\t<\/div>\n\t\t\t\t<\/div>\n\t\t\t\t\t<\/div>\n\t\t\t\t<\/div>\n\t\t\t\t<\/div>\n\t\t","protected":false},"excerpt":{"rendered":"<p>SHIPPING AND DELIVERY Your orders are sent by Y\u00fcrti\u00e7i cargo company. After the order is placed, your products enter the preparation phase. Products specially prepared for you are delivered to cargo in an average of 3-7 business days. When we ship your order, an e-mail will be sent to the e-mail address you entered in [&hellip;]<\/p>\n","protected":false},"author":1,"featured_media":0,"parent":0,"menu_order":0,"comment_status":"closed","ping_status":"closed","template":"","meta":{"footnotes":""},"class_list":["post-49267","page","type-page","status-publish","hentry"],"_links":{"self":[{"href":"https:\/\/kolayshop.online\/en\/wp-json\/wp\/v2\/pages\/49267","targetHints":{"allow":["GET"]}}],"collection":[{"href":"https:\/\/kolayshop.online\/en\/wp-json\/wp\/v2\/pages"}],"about":[{"href":"https:\/\/kolayshop.online\/en\/wp-json\/wp\/v2\/types\/page"}],"author":[{"embeddable":true,"href":"https:\/\/kolayshop.online\/en\/wp-json\/wp\/v2\/users\/1"}],"replies":[{"embeddable":true,"href":"https:\/\/kolayshop.online\/en\/wp-json\/wp\/v2\/comments?post=49267"}],"version-history":[{"count":1,"href":"https:\/\/kolayshop.online\/en\/wp-json\/wp\/v2\/pages\/49267\/revisions"}],"predecessor-version":[{"id":49268,"href":"https:\/\/kolayshop.online\/en\/wp-json\/wp\/v2\/pages\/49267\/revisions\/49268"}],"wp:attachment":[{"href":"https:\/\/kolayshop.online\/en\/wp-json\/wp\/v2\/media?parent=49267"}],"curies":[{"name":"wp","href":"https:\/\/api.w.org\/{rel}","templated":true}]}}